{"id":777,"date":"2013-02-28T09:22:29","date_gmt":"2013-02-28T07:22:29","guid":{"rendered":"http:\/\/www.askainen.fi\/portaali\/?page_id=777"},"modified":"2024-06-20T13:08:24","modified_gmt":"2024-06-20T10:08:24","slug":"pikisaaren-virkistysalue","status":"publish","type":"page","link":"https:\/\/www.askainen.fi\/portaali\/nahtavyydet\/pikisaaren-virkistysalue","title":{"rendered":"Pikisaaren virkistysalue"},"content":{"rendered":"\n<p>Pikisaari on kauneinta saaristoa Nousiaisten kunnan 90 % ja Maskun kunnan 10 % omistusosuuksilla.<\/p>\n\n\n\n<p>Pikisaaressa on mahdollista j\u00e4rjest\u00e4\u00e4 pienimuotoisia tapahtumia ja vaikka vaan viett\u00e4\u00e4 p\u00e4iv\u00e4\u00e4 ulkona.<\/p>\n\n\n\n<ul class=\"wp-block-list\">\n<li>kokoustilat<\/li>\n\n\n\n<li>sauna<\/li>\n\n\n\n<li>uimapaikka meren rannalla<\/li>\n<\/ul>\n\n\n\n<p><a title=\"Pikisaaren virkistysalue\" href=\"http:\/\/opaskartta.turku.fi\/Web\/Default.aspx?layers=Opaskartta&amp;cp=6718942,23435076&amp;z=2&amp;title=Pikisaarentie%20148%2C%20Masku&amp;language=fin\" target=\"_blank\" rel=\"noopener noreferrer\">Kartta alueesta<\/a><\/p>\n\n\n\n<h3 class=\"wp-block-heading\"><strong>Yhteystiedot<\/strong><\/h3>\n\n\n\n<ul class=\"wp-block-list\">\n<li>Varaukset, yleiset kyselyt\n<ul class=\"wp-block-list\">\n<li>Pertti Ver\u00e4j\u00e4nkorva<\/li>\n\n\n\n<li>puh. 040 5402709<\/li>\n\n\n\n<li>aky@askainen.fi<\/li>\n<\/ul>\n<\/li>\n<\/ul>\n\n\n\n<p><strong>Muut yhteystiedot<\/strong>:<\/p>\n\n\n\n<ul class=\"wp-block-list\">\n<li>s\u00e4hk\u00f6postiosoitteet ovat muotoa: etunimi.sukunimi@masku.fi<\/li>\n\n\n\n<li><strong>Hanna Pennanen<\/strong><br>liikuntatoimen ohjaaja<br>puh. 044 7388 242<\/li>\n\n\n\n<li><strong>Maarit Lindstr\u00f6m<br><\/strong>vapaa-aikasihteeri<br>puh. 050 3248 519<\/li>\n<\/ul>\n","protected":false},"excerpt":{"rendered":"<p>Pikisaari on kauneinta saaristoa Nousiaisten kunnan 90 % ja Maskun kunnan 10 % omistusosuuksilla. Pikisaaressa on mahdollista j\u00e4rjest\u00e4\u00e4 pienimuotoisia tapahtumia ja vaikka vaan viett\u00e4\u00e4 p\u00e4iv\u00e4\u00e4 ulkona. Kartta alueesta Yhteystiedot Muut &hellip; <\/p>\n<p class=\"link-more\"><a href=\"https:\/\/www.askainen.fi\/portaali\/nahtavyydet\/pikisaaren-virkistysalue\" class=\"more-link\">Jatka lukemista<span class=\"screen-reader-text\"> &#8221;Pikisaaren virkistysalue&#8221;<\/span><\/a><\/p>\n","protected":false},"author":1,"featured_media":1230,"parent":27,"menu_order":3,"comment_status":"open","ping_status":"closed","template":"","meta":{"footnotes":""},"class_list":["post-777","page","type-page","status-publish","has-post-thumbnail","hentry"],"jetpack_sharing_enabled":true,"jetpack_likes_enabled":true,"_links":{"self":[{"href":"https:\/\/www.askainen.fi\/portaali\/wp-json\/wp\/v2\/pages\/777","targetHints":{"allow":["GET"]}}],"collection":[{"href":"https:\/\/www.askainen.fi\/portaali\/wp-json\/wp\/v2\/pages"}],"about":[{"href":"https:\/\/www.askainen.fi\/portaali\/wp-json\/wp\/v2\/types\/page"}],"author":[{"embeddable":true,"href":"https:\/\/www.askainen.fi\/portaali\/wp-json\/wp\/v2\/users\/1"}],"replies":[{"embeddable":true,"href":"https:\/\/www.askainen.fi\/portaali\/wp-json\/wp\/v2\/comments?post=777"}],"version-history":[{"count":2,"href":"https:\/\/www.askainen.fi\/portaali\/wp-json\/wp\/v2\/pages\/777\/revisions"}],"predecessor-version":[{"id":8737,"href":"https:\/\/www.askainen.fi\/portaali\/wp-json\/wp\/v2\/pages\/777\/revisions\/8737"}],"up":[{"embeddable":true,"href":"https:\/\/www.askainen.fi\/portaali\/wp-json\/wp\/v2\/pages\/27"}],"wp:featuredmedia":[{"embeddable":true,"href":"https:\/\/www.askainen.fi\/portaali\/wp-json\/wp\/v2\/media\/1230"}],"wp:attachment":[{"href":"https:\/\/www.askainen.fi\/portaali\/wp-json\/wp\/v2\/media?parent=777"}],"curies":[{"name":"wp","href":"https:\/\/api.w.org\/{rel}","templated":true}]}}