{"id":73,"date":"2012-10-18T18:40:22","date_gmt":"2012-10-18T15:40:22","guid":{"rendered":"http:\/\/www.askainen.fi\/portaali\/?page_id=73"},"modified":"2017-04-03T19:18:41","modified_gmt":"2017-04-03T16:18:41","slug":"marskin-tori","status":"publish","type":"page","link":"https:\/\/www.askainen.fi\/portaali\/nahtavyydet\/marskin-tori","title":{"rendered":"Marskin Tori"},"content":{"rendered":"<p>Marsalkka Mannerheimin mukaan nimetty Marskin Tori on kes\u00e4aikaan oleellinen paikka Askaisten kyl\u00e4yhdistyksen toiminnoille. Kes\u00e4ll\u00e4 2012 tilanne parani entisest\u00e4\u00e4n kun torialueelle rakennettiin myyntikatos ja huoltotila. Talvisaikaan tori toimii lyhennetyll\u00e4 aukioloajalla.<\/p>\n<p>Marskin Torilla j\u00e4rjestet\u00e4\u00e4n Askaisten kyl\u00e4yhdistyksen toimesta mm. Marskin Markkinat, joulunavaus, kirpputoreja. Aivan niin kuin torien tarkoituksena on kautta aikain ollut ker\u00e4t\u00e4 ihmisi\u00e4 yhteen.<\/p>\n<p>Askaisten kyl\u00e4yhdistys j\u00e4rjest\u00e4\u00e4 torilla tapahtuvan toiminnan ja t\u00e4m\u00e4n onnistumiseksi tarvitsemme kaikkien apua. Torialueen j\u00e4rjestelyjen ja valvonnan lis\u00e4ksi kyl\u00e4yhdistys hoitaa monesti makkaranpaiston ja kahvituksen.<\/p>\n<p>Piipahda sin\u00e4kin torille!<\/p>\n","protected":false},"excerpt":{"rendered":"<p>Marsalkka Mannerheimin mukaan nimetty Marskin Tori on kes\u00e4aikaan oleellinen paikka Askaisten kyl\u00e4yhdistyksen toiminnoille. Kes\u00e4ll\u00e4 2012 tilanne parani entisest\u00e4\u00e4n kun torialueelle rakennettiin myyntikatos ja huoltotila. Talvisaikaan tori toimii lyhennetyll\u00e4 aukioloajalla. Marskin &hellip; <\/p>\n<p class=\"link-more\"><a href=\"https:\/\/www.askainen.fi\/portaali\/nahtavyydet\/marskin-tori\" class=\"more-link\">Jatka lukemista<span class=\"screen-reader-text\"> &#8221;Marskin Tori&#8221;<\/span><\/a><\/p>\n","protected":false},"author":1,"featured_media":1746,"parent":27,"menu_order":4,"comment_status":"closed","ping_status":"closed","template":"","meta":{"footnotes":""},"class_list":["post-73","page","type-page","status-publish","has-post-thumbnail","hentry"],"jetpack_sharing_enabled":true,"jetpack_likes_enabled":true,"_links":{"self":[{"href":"https:\/\/www.askainen.fi\/portaali\/wp-json\/wp\/v2\/pages\/73","targetHints":{"allow":["GET"]}}],"collection":[{"href":"https:\/\/www.askainen.fi\/portaali\/wp-json\/wp\/v2\/pages"}],"about":[{"href":"https:\/\/www.askainen.fi\/portaali\/wp-json\/wp\/v2\/types\/page"}],"author":[{"embeddable":true,"href":"https:\/\/www.askainen.fi\/portaali\/wp-json\/wp\/v2\/users\/1"}],"replies":[{"embeddable":true,"href":"https:\/\/www.askainen.fi\/portaali\/wp-json\/wp\/v2\/comments?post=73"}],"version-history":[{"count":0,"href":"https:\/\/www.askainen.fi\/portaali\/wp-json\/wp\/v2\/pages\/73\/revisions"}],"up":[{"embeddable":true,"href":"https:\/\/www.askainen.fi\/portaali\/wp-json\/wp\/v2\/pages\/27"}],"wp:featuredmedia":[{"embeddable":true,"href":"https:\/\/www.askainen.fi\/portaali\/wp-json\/wp\/v2\/media\/1746"}],"wp:attachment":[{"href":"https:\/\/www.askainen.fi\/portaali\/wp-json\/wp\/v2\/media?parent=73"}],"curies":[{"name":"wp","href":"https:\/\/api.w.org\/{rel}","templated":true}]}}