{"id":67,"date":"2012-10-18T18:37:26","date_gmt":"2012-10-18T15:37:26","guid":{"rendered":"http:\/\/www.askainen.fi\/portaali\/?page_id=67"},"modified":"2017-01-31T21:06:53","modified_gmt":"2017-01-31T19:06:53","slug":"ritari-puisto","status":"publish","type":"page","link":"https:\/\/www.askainen.fi\/portaali\/nahtavyydet\/ritari-puisto","title":{"rendered":"Ritaripuisto"},"content":{"rendered":"<p>Askaisten Ritaripuisto on entisen Askaisten kunnan kunnanjohtajan Pekka M\u00e4\u00e4tt\u00e4sen ajatuksena syntynyt muisto- ja matkailukohde Askaisten kirkon v\u00e4litt\u00f6m\u00e4ss\u00e4 l\u00e4heisyydess\u00e4.<\/p>\n<p>Askaisten kyl\u00e4yhdistyksen t\u00e4rke\u00e4n\u00e4 teht\u00e4v\u00e4n\u00e4 on&nbsp; hoitaa talkooty\u00f6n\u00e4 Ritaripuiston aluetta pit\u00e4m\u00e4ll\u00e4 puisto siistin\u00e4.<\/p>\n<p>Itsen\u00e4isyysp\u00e4iv\u00e4n\u00e4 kyl\u00e4yhdistys on hankkinut jokaisen ritarin kivelle sytytett\u00e4v\u00e4n kynttil\u00e4n.<\/p>\n<p>Ritaripuistoon saapuu k\u00e4vij\u00f6it\u00e4 kaukaa ja samalla kertaa monet poikkeavat Askaisten aateliskirkossa ja Louhisaaren kartanossa.<\/p>\n<p><code><iframe loading=\"lazy\" style=\"border: 0;\" src=\"https:\/\/www.google.com\/maps\/embed?pb=!1m18!1m12!1m3!1d1960.3877327321843!2d21.860977452156376!3d60.57080478202254!2m3!1f0!2f0!3f0!3m2!1i1024!2i768!4f13.1!3m3!1m2!1s0x468b92225a04abb1%3A0x55d5f8aae05ecc91!2sAskaistentie+785%2C+21240+Masku!5e0!3m2!1sfi!2sfi!4v1485889476486\" width=\"600\" height=\"450\" frameborder=\"0\" allowfullscreen=\"allowfullscreen\"><\/iframe>&nbsp;<\/code><\/p>\n","protected":false},"excerpt":{"rendered":"<p>Askaisten Ritaripuisto on entisen Askaisten kunnan kunnanjohtajan Pekka M\u00e4\u00e4tt\u00e4sen ajatuksena syntynyt muisto- ja matkailukohde Askaisten kirkon v\u00e4litt\u00f6m\u00e4ss\u00e4 l\u00e4heisyydess\u00e4. Askaisten kyl\u00e4yhdistyksen t\u00e4rke\u00e4n\u00e4 teht\u00e4v\u00e4n\u00e4 on&nbsp; hoitaa talkooty\u00f6n\u00e4 Ritaripuiston aluetta pit\u00e4m\u00e4ll\u00e4 puisto siistin\u00e4. &hellip; <\/p>\n<p class=\"link-more\"><a href=\"https:\/\/www.askainen.fi\/portaali\/nahtavyydet\/ritari-puisto\" class=\"more-link\">Jatka lukemista<span class=\"screen-reader-text\"> &#8221;Ritaripuisto&#8221;<\/span><\/a><\/p>\n","protected":false},"author":1,"featured_media":1741,"parent":27,"menu_order":2,"comment_status":"closed","ping_status":"closed","template":"","meta":{"footnotes":""},"class_list":["post-67","page","type-page","status-publish","has-post-thumbnail","hentry"],"jetpack_sharing_enabled":true,"jetpack_likes_enabled":true,"_links":{"self":[{"href":"https:\/\/www.askainen.fi\/portaali\/wp-json\/wp\/v2\/pages\/67","targetHints":{"allow":["GET"]}}],"collection":[{"href":"https:\/\/www.askainen.fi\/portaali\/wp-json\/wp\/v2\/pages"}],"about":[{"href":"https:\/\/www.askainen.fi\/portaali\/wp-json\/wp\/v2\/types\/page"}],"author":[{"embeddable":true,"href":"https:\/\/www.askainen.fi\/portaali\/wp-json\/wp\/v2\/users\/1"}],"replies":[{"embeddable":true,"href":"https:\/\/www.askainen.fi\/portaali\/wp-json\/wp\/v2\/comments?post=67"}],"version-history":[{"count":0,"href":"https:\/\/www.askainen.fi\/portaali\/wp-json\/wp\/v2\/pages\/67\/revisions"}],"up":[{"embeddable":true,"href":"https:\/\/www.askainen.fi\/portaali\/wp-json\/wp\/v2\/pages\/27"}],"wp:featuredmedia":[{"embeddable":true,"href":"https:\/\/www.askainen.fi\/portaali\/wp-json\/wp\/v2\/media\/1741"}],"wp:attachment":[{"href":"https:\/\/www.askainen.fi\/portaali\/wp-json\/wp\/v2\/media?parent=67"}],"curies":[{"name":"wp","href":"https:\/\/api.w.org\/{rel}","templated":true}]}}