{"id":31,"date":"2012-10-18T17:26:54","date_gmt":"2012-10-18T14:26:54","guid":{"rendered":"http:\/\/www.askainen.fi\/portaali\/?page_id=31"},"modified":"2025-11-29T13:12:43","modified_gmt":"2025-11-29T11:12:43","slug":"yhteystiedot","status":"publish","type":"page","link":"https:\/\/www.askainen.fi\/portaali\/askaisten-kylayhdistys\/yhteystiedot","title":{"rendered":"Yhteystiedot"},"content":{"rendered":"<p>Askaisten kyl\u00e4yhdistys ry<br \/>Kairisten kyl\u00e4tie 93<br \/>21240 Askainen<\/p>\n<p><strong>Y-tunnus<\/strong><br \/>2824956-1<\/p>\n<p><strong>S\u00e4hk\u00f6posti<\/strong><br \/>aky@askainen.fi<\/p>\n<p><a title=\"Askaisten kyl\u00e4yhdistyksen somesivut\" href=\"http:\/\/www.facebook.com\/groups\/126609630881658\/\" target=\"_blank\" rel=\"noopener noreferrer\">Facebookissa<\/a> l\u00f6ytyy my\u00f6s<\/p>\n<p>Kyl\u00e4portaalin sis\u00e4ll\u00f6ntuotto ja yll\u00e4pito Askaisten kyl\u00e4yhdistys yhdess\u00e4 muiden askaistelaisten kanssa.<\/p>\n<p>Kotisivujen bannereiden kuvat \u00a9 Janne Lehtil\u00e4, <a href=\"https:\/\/www.facebook.com\/jlehtilaphotography\/\">Janne Lehtil\u00e4 Photography<\/a><br \/>Bannerin <a href=\"https:\/\/www.youtube.com\/watch?v=Ge7YNND_yY0\">video<\/a> @ Rami K\u00e4k\u00f6nen ja Janne Lehtil\u00e4<\/p>\n\n\n<p><\/p>\n","protected":false},"excerpt":{"rendered":"<p>Askaisten kyl\u00e4yhdistys ryKairisten kyl\u00e4tie 9321240 Askainen Y-tunnus2824956-1 S\u00e4hk\u00f6postiaky@askainen.fi Facebookissa l\u00f6ytyy my\u00f6s Kyl\u00e4portaalin sis\u00e4ll\u00f6ntuotto ja yll\u00e4pito Askaisten kyl\u00e4yhdistys yhdess\u00e4 muiden askaistelaisten kanssa. Kotisivujen bannereiden kuvat \u00a9 Janne Lehtil\u00e4, Janne Lehtil\u00e4 PhotographyBannerin &hellip; <\/p>\n<p class=\"link-more\"><a href=\"https:\/\/www.askainen.fi\/portaali\/askaisten-kylayhdistys\/yhteystiedot\" class=\"more-link\">Jatka lukemista<span class=\"screen-reader-text\"> &#8221;Yhteystiedot&#8221;<\/span><\/a><\/p>\n","protected":false},"author":1,"featured_media":0,"parent":11,"menu_order":2,"comment_status":"open","ping_status":"open","template":"","meta":{"footnotes":""},"class_list":["post-31","page","type-page","status-publish","hentry"],"jetpack_sharing_enabled":true,"jetpack_likes_enabled":true,"_links":{"self":[{"href":"https:\/\/www.askainen.fi\/portaali\/wp-json\/wp\/v2\/pages\/31","targetHints":{"allow":["GET"]}}],"collection":[{"href":"https:\/\/www.askainen.fi\/portaali\/wp-json\/wp\/v2\/pages"}],"about":[{"href":"https:\/\/www.askainen.fi\/portaali\/wp-json\/wp\/v2\/types\/page"}],"author":[{"embeddable":true,"href":"https:\/\/www.askainen.fi\/portaali\/wp-json\/wp\/v2\/users\/1"}],"replies":[{"embeddable":true,"href":"https:\/\/www.askainen.fi\/portaali\/wp-json\/wp\/v2\/comments?post=31"}],"version-history":[{"count":1,"href":"https:\/\/www.askainen.fi\/portaali\/wp-json\/wp\/v2\/pages\/31\/revisions"}],"predecessor-version":[{"id":8850,"href":"https:\/\/www.askainen.fi\/portaali\/wp-json\/wp\/v2\/pages\/31\/revisions\/8850"}],"up":[{"embeddable":true,"href":"https:\/\/www.askainen.fi\/portaali\/wp-json\/wp\/v2\/pages\/11"}],"wp:attachment":[{"href":"https:\/\/www.askainen.fi\/portaali\/wp-json\/wp\/v2\/media?parent=31"}],"curies":[{"name":"wp","href":"https:\/\/api.w.org\/{rel}","templated":true}]}}