{"id":1965,"date":"2018-06-05T23:22:26","date_gmt":"2018-06-05T20:22:26","guid":{"rendered":"http:\/\/www.askainen.fi\/portaali\/?page_id=1965"},"modified":"2026-04-29T22:26:03","modified_gmt":"2026-04-29T19:26:03","slug":"askastelaine","status":"publish","type":"page","link":"https:\/\/www.askainen.fi\/portaali\/askastelaine","title":{"rendered":"Askastelaine -lehti"},"content":{"rendered":"\n<p>Askastelaine -lehti on Askaisten kyl\u00e4yhdistyksen oma vapaamuotoinen tiedotuslehti alueen asukkaille ja j\u00e4senist\u00f6lle. Liity mukaan toimitukseen!<\/p>\n\n\n\n<p><strong>Lis\u00e4tietoja<br><\/strong>Erika Kivirinta<br>050 307 4218<br>aky@askainen.fi<\/p>\n\n\n\n<p>Lataa <a href=\"https:\/\/www.askainen.fi\/portaali\/wp-content\/uploads\/2026\/04\/Askastelaine-mediakortti-2026-final.pdf\">t\u00e4st\u00e4<\/a> itsellesi Askastelaine-lehden mediakortti 2026.<\/p>\n\n\n\n<div data-wp-interactive=\"core\/file\" class=\"wp-block-file\"><object data-wp-bind--hidden=\"!state.hasPdfPreview\" hidden class=\"wp-block-file__embed\" data=\"https:\/\/www.askainen.fi\/portaali\/wp-content\/uploads\/2024\/01\/Askastelaine-A4-Vol-14-netti-1.pdf\" type=\"application\/pdf\" style=\"width:100%;height:600px\" aria-label=\"Tiedoston Askastelaine A4 Vol 14 netti upotus.\"><\/object><a id=\"wp-block-file--media-ff459407-de8a-4d82-b120-e3515c22898a\" href=\"https:\/\/www.askainen.fi\/portaali\/wp-content\/uploads\/2024\/01\/Askastelaine-A4-Vol-14-netti-1.pdf\">Askastelaine A4 Vol 14 netti<\/a><a href=\"https:\/\/www.askainen.fi\/portaali\/wp-content\/uploads\/2024\/01\/Askastelaine-A4-Vol-14-netti-1.pdf\" class=\"wp-block-file__button wp-element-button\" download aria-describedby=\"wp-block-file--media-ff459407-de8a-4d82-b120-e3515c22898a\">Lataa<\/a><\/div>\n\n\n\n<div class=\"wp-block-file\"><a id=\"wp-block-file--media-b2a60a3d-cc01-40ee-9217-6a3af97c06ca\" href=\"https:\/\/www.askainen.fi\/portaali\/wp-content\/uploads\/2018\/06\/Askastelaine-A4-Vol-1-netti.pdf\">Askastelaine A4 Vol 1 netti<\/a><a href=\"https:\/\/www.askainen.fi\/portaali\/wp-content\/uploads\/2018\/06\/Askastelaine-A4-Vol-1-netti.pdf\" class=\"wp-block-file__button wp-element-button\" download aria-describedby=\"wp-block-file--media-b2a60a3d-cc01-40ee-9217-6a3af97c06ca\">Lataa<\/a><\/div>\n\n\n\n<div class=\"wp-block-file\"><a id=\"wp-block-file--media-ab96f13c-05a9-4d4a-9fe1-dc6c9bdc661c\" href=\"https:\/\/www.askainen.fi\/portaali\/wp-content\/uploads\/2018\/10\/Askastelaine-A4-Vol-2-netti.pdf\">Askastelaine Vol.2<\/a><a href=\"https:\/\/www.askainen.fi\/portaali\/wp-content\/uploads\/2018\/10\/Askastelaine-A4-Vol-2-netti.pdf\" class=\"wp-block-file__button wp-element-button\" download aria-describedby=\"wp-block-file--media-ab96f13c-05a9-4d4a-9fe1-dc6c9bdc661c\">Lataa<\/a><\/div>\n\n\n\n<div class=\"wp-block-group\"><div class=\"wp-block-group__inner-container is-layout-flow wp-block-group-is-layout-flow\">\n<div class=\"wp-block-file\"><a id=\"wp-block-file--media-16c9f937-708a-48b4-b970-51cc12497bd3\" href=\"https:\/\/www.askainen.fi\/portaali\/wp-content\/uploads\/2019\/02\/Askastelaine-A4-Vol-3.pdf\">Askastelaine A4 Vol 3<\/a><a href=\"https:\/\/www.askainen.fi\/portaali\/wp-content\/uploads\/2019\/02\/Askastelaine-A4-Vol-3.pdf\" class=\"wp-block-file__button wp-element-button\" download aria-describedby=\"wp-block-file--media-16c9f937-708a-48b4-b970-51cc12497bd3\">Lataa<\/a><\/div>\n<\/div><\/div>\n\n\n\n<div class=\"wp-block-file\"><a id=\"wp-block-file--media-af8d9f36-a7b7-4f31-ba39-33bf65c9c00c\" href=\"https:\/\/www.askainen.fi\/portaali\/wp-content\/uploads\/2019\/05\/Askastelaine-A4-Vol-4.pdf\">Askastelaine A4 Vol 4<\/a><a href=\"https:\/\/www.askainen.fi\/portaali\/wp-content\/uploads\/2019\/05\/Askastelaine-A4-Vol-4.pdf\" class=\"wp-block-file__button wp-element-button\" download aria-describedby=\"wp-block-file--media-af8d9f36-a7b7-4f31-ba39-33bf65c9c00c\">Lataa<\/a><\/div>\n\n\n\n<div class=\"wp-block-file\"><a id=\"wp-block-file--media-694d4c9f-d0a0-4246-91f5-6864608c0965\" href=\"https:\/\/www.askainen.fi\/portaali\/wp-content\/uploads\/2019\/09\/Askastelaine-A4-Vol-5-netti.pdf\">Askastelaine A4 Vol 5 netti<\/a><a href=\"https:\/\/www.askainen.fi\/portaali\/wp-content\/uploads\/2019\/09\/Askastelaine-A4-Vol-5-netti.pdf\" class=\"wp-block-file__button wp-element-button\" download aria-describedby=\"wp-block-file--media-694d4c9f-d0a0-4246-91f5-6864608c0965\">Lataa<\/a><\/div>\n\n\n\n<div class=\"wp-block-file\"><a id=\"wp-block-file--media-16d61b00-0782-43ca-90f7-66b399778f78\" href=\"https:\/\/www.askainen.fi\/portaali\/wp-content\/uploads\/2019\/11\/Askastelaine-A4-Vol-6-netti.pdf\">Askastelaine A4 Vol 6 netti<\/a><a href=\"https:\/\/www.askainen.fi\/portaali\/wp-content\/uploads\/2019\/11\/Askastelaine-A4-Vol-6-netti.pdf\" class=\"wp-block-file__button wp-element-button\" download aria-describedby=\"wp-block-file--media-16d61b00-0782-43ca-90f7-66b399778f78\">Lataa<\/a><\/div>\n\n\n\n<div class=\"wp-block-file\"><a id=\"wp-block-file--media-7eb94d5d-f1bc-4fb5-9bb1-ce3fad18fc23\" href=\"https:\/\/www.askainen.fi\/portaali\/wp-content\/uploads\/2020\/05\/Askastelaine-A4-Vol-7-netti-3.pdf\">Askastelaine A4 Vol 7 netti<\/a><a href=\"https:\/\/www.askainen.fi\/portaali\/wp-content\/uploads\/2020\/05\/Askastelaine-A4-Vol-7-netti-3.pdf\" class=\"wp-block-file__button wp-element-button\" download aria-describedby=\"wp-block-file--media-7eb94d5d-f1bc-4fb5-9bb1-ce3fad18fc23\">Lataa<\/a><\/div>\n\n\n\n<div class=\"wp-block-file\"><a id=\"wp-block-file--media-83437955-5b34-474f-a12a-1d6e8e216c1d\" href=\"https:\/\/www.askainen.fi\/portaali\/wp-content\/uploads\/2020\/10\/Askastelaine-A4-Vol-8-netti.pdf\">Askastelaine A4 Vol 8 netti<\/a><a href=\"https:\/\/www.askainen.fi\/portaali\/wp-content\/uploads\/2020\/10\/Askastelaine-A4-Vol-8-netti.pdf\" class=\"wp-block-file__button wp-element-button\" download aria-describedby=\"wp-block-file--media-83437955-5b34-474f-a12a-1d6e8e216c1d\">Lataa<\/a><\/div>\n\n\n\n<div class=\"wp-block-file\"><a id=\"wp-block-file--media-b5089fc4-13f4-4920-8717-ab2ca7b19987\" href=\"https:\/\/www.askainen.fi\/portaali\/wp-content\/uploads\/2021\/05\/Askastelaine-A4-Vol-9-netti.pdf\">Askastelaine A4 Vol 9 netti<\/a><a href=\"https:\/\/www.askainen.fi\/portaali\/wp-content\/uploads\/2021\/05\/Askastelaine-A4-Vol-9-netti.pdf\" class=\"wp-block-file__button wp-element-button\" download aria-describedby=\"wp-block-file--media-b5089fc4-13f4-4920-8717-ab2ca7b19987\">Lataa<\/a><\/div>\n\n\n\n<div class=\"wp-block-file\"><a id=\"wp-block-file--media-6ba8ad2b-2476-48a1-a2ca-5383a626fd1d\" href=\"https:\/\/www.askainen.fi\/portaali\/wp-content\/uploads\/2021\/11\/Askastelaine-A4-Vol-10-verkko.pdf\">Askastelaine-A4-Vol-10-verkko<\/a><a href=\"https:\/\/www.askainen.fi\/portaali\/wp-content\/uploads\/2021\/11\/Askastelaine-A4-Vol-10-verkko.pdf\" class=\"wp-block-file__button wp-element-button\" download aria-describedby=\"wp-block-file--media-6ba8ad2b-2476-48a1-a2ca-5383a626fd1d\">Lataa<\/a><\/div>\n\n\n\n<div class=\"wp-block-file\"><a id=\"wp-block-file--media-43c880c6-ae42-4a04-85d6-2a17ce48022d\" href=\"https:\/\/www.askainen.fi\/portaali\/wp-content\/uploads\/2022\/05\/Askastelaine-A4-Vol-11-netti.pdf\" target=\"_blank\" rel=\"noreferrer noopener\">Askastelaine A4 Vol 11 netti<\/a><a href=\"https:\/\/www.askainen.fi\/portaali\/wp-content\/uploads\/2022\/05\/Askastelaine-A4-Vol-11-netti.pdf\" class=\"wp-block-file__button wp-element-button\" download aria-describedby=\"wp-block-file--media-43c880c6-ae42-4a04-85d6-2a17ce48022d\">Lataa<\/a><\/div>\n\n\n\n<div class=\"wp-block-file\"><a id=\"wp-block-file--media-a3a75e00-0664-412f-abea-8628e9043301\" href=\"https:\/\/www.askainen.fi\/portaali\/wp-content\/uploads\/2022\/11\/Askastelaine-A4-Vol-12-netti.pdf\">Askastelaine A4 Vol 12 netti<\/a><a href=\"https:\/\/www.askainen.fi\/portaali\/wp-content\/uploads\/2022\/11\/Askastelaine-A4-Vol-12-netti.pdf\" class=\"wp-block-file__button wp-element-button\" download aria-describedby=\"wp-block-file--media-a3a75e00-0664-412f-abea-8628e9043301\">Lataa<\/a><\/div>\n\n\n\n<div class=\"wp-block-file\"><a id=\"wp-block-file--media-d83a26fe-6850-4184-9d7f-c893c2878077\" href=\"https:\/\/www.askainen.fi\/portaali\/wp-content\/uploads\/2023\/06\/Askastelaine-A4-Vol-13-low.pdf\">Askastelaine A4 Vol 13 low<\/a><a href=\"https:\/\/www.askainen.fi\/portaali\/wp-content\/uploads\/2023\/06\/Askastelaine-A4-Vol-13-low.pdf\" class=\"wp-block-file__button wp-element-button\" download aria-describedby=\"wp-block-file--media-d83a26fe-6850-4184-9d7f-c893c2878077\">Lataa<\/a><\/div>\n","protected":false},"excerpt":{"rendered":"<p>Askastelaine -lehti on Askaisten kyl\u00e4yhdistyksen oma vapaamuotoinen tiedotuslehti alueen asukkaille ja j\u00e4senist\u00f6lle. Liity mukaan toimitukseen! Lis\u00e4tietojaErika Kivirinta050 307 4218aky@askainen.fi Lataa t\u00e4st\u00e4 itsellesi Askastelaine-lehden mediakortti 2026.<\/p>\n","protected":false},"author":1,"featured_media":0,"parent":0,"menu_order":0,"comment_status":"open","ping_status":"closed","template":"","meta":{"footnotes":""},"class_list":["post-1965","page","type-page","status-publish","hentry"],"jetpack_sharing_enabled":true,"jetpack_likes_enabled":true,"_links":{"self":[{"href":"https:\/\/www.askainen.fi\/portaali\/wp-json\/wp\/v2\/pages\/1965","targetHints":{"allow":["GET"]}}],"collection":[{"href":"https:\/\/www.askainen.fi\/portaali\/wp-json\/wp\/v2\/pages"}],"about":[{"href":"https:\/\/www.askainen.fi\/portaali\/wp-json\/wp\/v2\/types\/page"}],"author":[{"embeddable":true,"href":"https:\/\/www.askainen.fi\/portaali\/wp-json\/wp\/v2\/users\/1"}],"replies":[{"embeddable":true,"href":"https:\/\/www.askainen.fi\/portaali\/wp-json\/wp\/v2\/comments?post=1965"}],"version-history":[{"count":30,"href":"https:\/\/www.askainen.fi\/portaali\/wp-json\/wp\/v2\/pages\/1965\/revisions"}],"predecessor-version":[{"id":8951,"href":"https:\/\/www.askainen.fi\/portaali\/wp-json\/wp\/v2\/pages\/1965\/revisions\/8951"}],"wp:attachment":[{"href":"https:\/\/www.askainen.fi\/portaali\/wp-json\/wp\/v2\/media?parent=1965"}],"curies":[{"name":"wp","href":"https:\/\/api.w.org\/{rel}","templated":true}]}}