{"id":1876,"date":"2017-01-31T23:04:51","date_gmt":"2017-01-31T21:04:51","guid":{"rendered":"http:\/\/www.askainen.fi\/portaali\/?page_id=1876"},"modified":"2018-08-29T16:07:31","modified_gmt":"2018-08-29T13:07:31","slug":"askaisten-helmenranta","status":"publish","type":"page","link":"https:\/\/www.askainen.fi\/portaali\/nahtavyydet\/majoitus\/askaisten-helmenranta","title":{"rendered":"Askaisten Helmenranta"},"content":{"rendered":"<h1><span style=\"color: #000000;\">Haluatko viett\u00e4\u00e4 lomasi pois kaikesta h\u00e4lin\u00e4st\u00e4 upeassa hirsihuvilassa, josta avautuu ainutlaatuinen merimaisema?<\/span><\/h1>\n<h2 class=\"font_2\"><span class=\"color_11\" style=\"color: #000000;\">Tervetuloa Askaisten Helmenrantaan!<\/span><\/h2>\n<p><span style=\"color: #000000;\"><span class=\"color_11\">Vuokraamme kes\u00e4ll\u00e4 2014 valmistunutta upeaa rentoutumiskohdetta meren \u00e4\u00e4rell\u00e4 Askaisissa.&nbsp;Kohde on vuokrattavissa ymp\u00e4ri vuoden hyvin joustavasti, sopimuksen mukaan.&nbsp;(Ei lemmikkej\u00e4).<\/span><\/span><\/p>\n<p>&nbsp;<a style=\"color: #000000;\" href=\"https:\/\/i0.wp.com\/www.askainen.fi\/portaali\/wp-content\/uploads\/2017\/01\/2be76a_9607f38782da47dda73d8ed50638acd3.jpg\"><img data-recalc-dims=\"1\" loading=\"lazy\" decoding=\"async\" data-attachment-id=\"1883\" data-permalink=\"https:\/\/www.askainen.fi\/portaali\/nahtavyydet\/majoitus\/askaisten-helmenranta\/2be76a_9607f38782da47dda73d8ed50638acd3\" data-orig-file=\"https:\/\/i0.wp.com\/www.askainen.fi\/portaali\/wp-content\/uploads\/2017\/01\/2be76a_9607f38782da47dda73d8ed50638acd3.jpg?fit=565%2C352&amp;ssl=1\" data-orig-size=\"565,352\" data-comments-opened=\"0\" data-image-meta=\"{&quot;aperture&quot;:&quot;2.4&quot;,&quot;credit&quot;:&quot;Picasa&quot;,&quot;camera&quot;:&quot;Lumia 620&quot;,&quot;caption&quot;:&quot;&quot;,&quot;created_timestamp&quot;:&quot;1402053460&quot;,&quot;copyright&quot;:&quot;&quot;,&quot;focal_length&quot;:&quot;0&quot;,&quot;iso&quot;:&quot;100&quot;,&quot;shutter_speed&quot;:&quot;0.002199&quot;,&quot;title&quot;:&quot;&quot;,&quot;orientation&quot;:&quot;0&quot;}\" data-image-title=\"2be76a_9607f38782da47dda73d8ed50638acd3\" data-image-description=\"\" data-image-caption=\"\" data-large-file=\"https:\/\/i0.wp.com\/www.askainen.fi\/portaali\/wp-content\/uploads\/2017\/01\/2be76a_9607f38782da47dda73d8ed50638acd3.jpg?fit=525%2C327&amp;ssl=1\" class=\"alignleft size-thumbnail wp-image-1883\" src=\"https:\/\/i0.wp.com\/www.askainen.fi\/portaali\/wp-content\/uploads\/2017\/01\/2be76a_9607f38782da47dda73d8ed50638acd3-150x150.jpg?resize=150%2C150\" alt=\"\" width=\"150\" height=\"150\" srcset=\"https:\/\/i0.wp.com\/www.askainen.fi\/portaali\/wp-content\/uploads\/2017\/01\/2be76a_9607f38782da47dda73d8ed50638acd3.jpg?resize=150%2C150&amp;ssl=1 150w, https:\/\/i0.wp.com\/www.askainen.fi\/portaali\/wp-content\/uploads\/2017\/01\/2be76a_9607f38782da47dda73d8ed50638acd3.jpg?resize=250%2C250&amp;ssl=1 250w, https:\/\/i0.wp.com\/www.askainen.fi\/portaali\/wp-content\/uploads\/2017\/01\/2be76a_9607f38782da47dda73d8ed50638acd3.jpg?resize=100%2C100&amp;ssl=1 100w, https:\/\/i0.wp.com\/www.askainen.fi\/portaali\/wp-content\/uploads\/2017\/01\/2be76a_9607f38782da47dda73d8ed50638acd3.jpg?zoom=2&amp;resize=150%2C150&amp;ssl=1 300w, https:\/\/i0.wp.com\/www.askainen.fi\/portaali\/wp-content\/uploads\/2017\/01\/2be76a_9607f38782da47dda73d8ed50638acd3.jpg?zoom=3&amp;resize=150%2C150&amp;ssl=1 450w\" sizes=\"auto, (max-width: 150px) 100vw, 150px\" \/><\/a>Otathan yhteytt\u00e4 niin kerromme lis\u00e4\u00e4.&nbsp;T\u00e4\u00e4ll\u00e4 t\u00e4yden varustelun lomakohteessa viihdytte varmasti.<\/p>\n<p><span class=\"color_11\" style=\"color: #000000;\">Tervetuloa!<\/span><\/p>\n<p><span style=\"color: #000000;\">Tiedustelut 050 5588151<br \/>\n<a style=\"color: #000000;\" href=\"http:\/\/www.soikku.com\">T:mi Soikku<\/a>&nbsp;<\/span><\/p>\n<p>&nbsp;<br \/>\n<code><iframe loading=\"lazy\" style=\"border: 0;\" src=\"https:\/\/www.google.com\/maps\/embed?pb=!1m18!1m12!1m3!1d1963.5362245812266!2d21.80746135215506!3d60.51887898200289!2m3!1f0!2f0!3f0!3m2!1i1024!2i768!4f13.1!3m3!1m2!1s0x468b904b9948acbb%3A0xcdc84bd9a53c2b41!2sKantoniementie+41%2C+21240+Masku!5e0!3m2!1sfi!2sfi!4v1485896577674\" width=\"600\" height=\"450\" frameborder=\"0\" allowfullscreen=\"allowfullscreen\"><\/iframe><\/code><\/p>\n","protected":false},"excerpt":{"rendered":"<p>Haluatko viett\u00e4\u00e4 lomasi pois kaikesta h\u00e4lin\u00e4st\u00e4 upeassa hirsihuvilassa, josta avautuu ainutlaatuinen merimaisema? Tervetuloa Askaisten Helmenrantaan! Vuokraamme kes\u00e4ll\u00e4 2014 valmistunutta upeaa rentoutumiskohdetta meren \u00e4\u00e4rell\u00e4 Askaisissa.&nbsp;Kohde on vuokrattavissa ymp\u00e4ri vuoden hyvin joustavasti, &hellip; <\/p>\n<p class=\"link-more\"><a href=\"https:\/\/www.askainen.fi\/portaali\/nahtavyydet\/majoitus\/askaisten-helmenranta\" class=\"more-link\">Jatka lukemista<span class=\"screen-reader-text\"> &#8221;Askaisten Helmenranta&#8221;<\/span><\/a><\/p>\n","protected":false},"author":1,"featured_media":0,"parent":29,"menu_order":0,"comment_status":"closed","ping_status":"closed","template":"","meta":{"footnotes":""},"class_list":["post-1876","page","type-page","status-publish","hentry"],"jetpack_sharing_enabled":true,"jetpack_likes_enabled":true,"_links":{"self":[{"href":"https:\/\/www.askainen.fi\/portaali\/wp-json\/wp\/v2\/pages\/1876","targetHints":{"allow":["GET"]}}],"collection":[{"href":"https:\/\/www.askainen.fi\/portaali\/wp-json\/wp\/v2\/pages"}],"about":[{"href":"https:\/\/www.askainen.fi\/portaali\/wp-json\/wp\/v2\/types\/page"}],"author":[{"embeddable":true,"href":"https:\/\/www.askainen.fi\/portaali\/wp-json\/wp\/v2\/users\/1"}],"replies":[{"embeddable":true,"href":"https:\/\/www.askainen.fi\/portaali\/wp-json\/wp\/v2\/comments?post=1876"}],"version-history":[{"count":0,"href":"https:\/\/www.askainen.fi\/portaali\/wp-json\/wp\/v2\/pages\/1876\/revisions"}],"up":[{"embeddable":true,"href":"https:\/\/www.askainen.fi\/portaali\/wp-json\/wp\/v2\/pages\/29"}],"wp:attachment":[{"href":"https:\/\/www.askainen.fi\/portaali\/wp-json\/wp\/v2\/media?parent=1876"}],"curies":[{"name":"wp","href":"https:\/\/api.w.org\/{rel}","templated":true}]}}