{"id":11,"date":"2012-10-18T17:24:00","date_gmt":"2012-10-18T14:24:00","guid":{"rendered":"http:\/\/www.askainen.fi\/portaali\/?page_id=11"},"modified":"2026-04-29T22:43:46","modified_gmt":"2026-04-29T19:43:46","slug":"askaisten-kylayhdistys","status":"publish","type":"page","link":"https:\/\/www.askainen.fi\/portaali\/","title":{"rendered":"Askaisten kyl\u00e4"},"content":{"rendered":"\n<p>Askaisten kyl\u00e4<strong>&nbsp;<\/strong>Saariston&nbsp;Rengastien varrella kutsuu nauttimaan aidosta kyl\u00e4tunnelmasta. Maskun kunnassa, kahden merenlahden l\u00e4heisyydess\u00e4 sijaitseva Askainen tunnetaan arvokkaasta historiastaan ja kauniista maalaismaisemistaan. Kyl\u00e4ss\u00e4 on sopivassa tasapainossa aktiivisen pikkukyl\u00e4n tunnelmaa ja omaa rauhaa. Maskun kunnan keskustaan tulee matkaa 20 km, ja jos joskus t\u00e4ytyy hakeutua kaupunkien vilin\u00e4\u00e4n, Turkuun, Naantaliin ja Raisioon ajaa noin puolessa tunnissa. <br>Ihastu Askaisiin <a href=\"http:\/\/www.visitaskainen.fi\">t\u00e4\u00e4ll\u00e4<\/a>.<\/p>\n\n\n\n<h2 class=\"wp-block-heading\">Asetu Askaisiin -tapahtuma<\/h2>\n\n\n\n<figure class=\"wp-block-image size-large\"><img data-recalc-dims=\"1\" loading=\"lazy\" decoding=\"async\" width=\"525\" height=\"743\" data-attachment-id=\"8955\" data-permalink=\"https:\/\/www.askainen.fi\/portaali\/askaisten-kylayhdistys\/asetu-askaisiin-esite\" data-orig-file=\"https:\/\/i0.wp.com\/www.askainen.fi\/portaali\/wp-content\/uploads\/2026\/04\/Asetu-Askaisiin-esite.jpg?fit=1131%2C1600&amp;ssl=1\" data-orig-size=\"1131,1600\" data-comments-opened=\"0\" data-image-meta=\"{&quot;aperture&quot;:&quot;0&quot;,&quot;credit&quot;:&quot;&quot;,&quot;camera&quot;:&quot;&quot;,&quot;caption&quot;:&quot;&quot;,&quot;created_timestamp&quot;:&quot;0&quot;,&quot;copyright&quot;:&quot;&quot;,&quot;focal_length&quot;:&quot;0&quot;,&quot;iso&quot;:&quot;0&quot;,&quot;shutter_speed&quot;:&quot;0&quot;,&quot;title&quot;:&quot;&quot;,&quot;orientation&quot;:&quot;0&quot;}\" data-image-title=\"Asetu Askaisiin -esite\" data-image-description=\"\" data-image-caption=\"\" data-large-file=\"https:\/\/i0.wp.com\/www.askainen.fi\/portaali\/wp-content\/uploads\/2026\/04\/Asetu-Askaisiin-esite.jpg?fit=525%2C743&amp;ssl=1\" src=\"https:\/\/i0.wp.com\/www.askainen.fi\/portaali\/wp-content\/uploads\/2026\/04\/Asetu-Askaisiin-esite-724x1024.jpg?resize=525%2C743&#038;ssl=1\" alt=\"Asetu Askaisiin -tapahtuman esite. Askaisten koululla 23.5. kello 11-16.\" class=\"wp-image-8955\" srcset=\"https:\/\/i0.wp.com\/www.askainen.fi\/portaali\/wp-content\/uploads\/2026\/04\/Asetu-Askaisiin-esite.jpg?resize=724%2C1024&amp;ssl=1 724w, https:\/\/i0.wp.com\/www.askainen.fi\/portaali\/wp-content\/uploads\/2026\/04\/Asetu-Askaisiin-esite.jpg?resize=212%2C300&amp;ssl=1 212w, https:\/\/i0.wp.com\/www.askainen.fi\/portaali\/wp-content\/uploads\/2026\/04\/Asetu-Askaisiin-esite.jpg?resize=768%2C1086&amp;ssl=1 768w, https:\/\/i0.wp.com\/www.askainen.fi\/portaali\/wp-content\/uploads\/2026\/04\/Asetu-Askaisiin-esite.jpg?resize=1086%2C1536&amp;ssl=1 1086w, https:\/\/i0.wp.com\/www.askainen.fi\/portaali\/wp-content\/uploads\/2026\/04\/Asetu-Askaisiin-esite.jpg?resize=353%2C500&amp;ssl=1 353w, https:\/\/i0.wp.com\/www.askainen.fi\/portaali\/wp-content\/uploads\/2026\/04\/Asetu-Askaisiin-esite.jpg?w=1131&amp;ssl=1 1131w\" sizes=\"auto, (max-width: 525px) 100vw, 525px\" \/><\/figure>\n","protected":false},"excerpt":{"rendered":"<p>Askaisten kyl\u00e4&nbsp;Saariston&nbsp;Rengastien varrella kutsuu nauttimaan aidosta kyl\u00e4tunnelmasta. Maskun kunnassa, kahden merenlahden l\u00e4heisyydess\u00e4 sijaitseva Askainen tunnetaan arvokkaasta historiastaan ja kauniista maalaismaisemistaan. Kyl\u00e4ss\u00e4 on sopivassa tasapainossa aktiivisen pikkukyl\u00e4n tunnelmaa ja omaa rauhaa. &hellip; <\/p>\n<p class=\"link-more\"><a href=\"https:\/\/www.askainen.fi\/portaali\/\" class=\"more-link\">Jatka lukemista<span class=\"screen-reader-text\"> &#8221;Askaisten kyl\u00e4&#8221;<\/span><\/a><\/p>\n","protected":false},"author":1,"featured_media":0,"parent":0,"menu_order":1,"comment_status":"closed","ping_status":"closed","template":"","meta":{"footnotes":""},"class_list":["post-11","page","type-page","status-publish","hentry"],"jetpack_sharing_enabled":true,"jetpack_likes_enabled":true,"_links":{"self":[{"href":"https:\/\/www.askainen.fi\/portaali\/wp-json\/wp\/v2\/pages\/11","targetHints":{"allow":["GET"]}}],"collection":[{"href":"https:\/\/www.askainen.fi\/portaali\/wp-json\/wp\/v2\/pages"}],"about":[{"href":"https:\/\/www.askainen.fi\/portaali\/wp-json\/wp\/v2\/types\/page"}],"author":[{"embeddable":true,"href":"https:\/\/www.askainen.fi\/portaali\/wp-json\/wp\/v2\/users\/1"}],"replies":[{"embeddable":true,"href":"https:\/\/www.askainen.fi\/portaali\/wp-json\/wp\/v2\/comments?post=11"}],"version-history":[{"count":6,"href":"https:\/\/www.askainen.fi\/portaali\/wp-json\/wp\/v2\/pages\/11\/revisions"}],"predecessor-version":[{"id":8956,"href":"https:\/\/www.askainen.fi\/portaali\/wp-json\/wp\/v2\/pages\/11\/revisions\/8956"}],"wp:attachment":[{"href":"https:\/\/www.askainen.fi\/portaali\/wp-json\/wp\/v2\/media?parent=11"}],"curies":[{"name":"wp","href":"https:\/\/api.w.org\/{rel}","templated":true}]}}